{"id":70875,"date":"2025-05-13T12:14:21","date_gmt":"2025-05-13T11:03:52","guid":{"rendered":"https:\/\/tienda.kaiku.es\/?post_type=product&#038;p=70875"},"modified":"2025-05-13T13:03:52","modified_gmt":"2025-05-13T11:03:52","slug":"kaiku-protein-pouch-vainilla-110g","status":"publish","type":"product","link":"https:\/\/tienda.kaiku.es\/eu\/produktua\/kaiku-protein-pouch-vainilla-110g\/","title":{"rendered":"Kaiku Protein Pouch Vainilla \u2013 110g"},"content":{"rendered":"<div dir=\"ltr\">\n<div dir=\"ltr\">El yogur alto en prote\u00edna, que te seguir\u00e1 all\u00e1 donde vayas. Un formato pouch f\u00e1cil de consumir.<\/div>\n<\/div>\n","protected":false},"excerpt":{"rendered":"<div dir=\"ltr\">\n<div dir=\"ltr\">El yogur alto en prote\u00edna, que te seguir\u00e1 all\u00e1 donde vayas. Un formato pouch f\u00e1cil de consumir.<\/div>\n<\/div>\n","protected":false},"featured_media":70885,"template":"","meta":{"_acf_changed":false,"_genesis_hide_title":false,"_genesis_hide_breadcrumbs":false,"_genesis_hide_singular_image":false,"_genesis_hide_footer_widgets":false,"_genesis_custom_body_class":"","_genesis_custom_post_class":"","_genesis_layout":""},"product_brand":[],"product_cat":[122],"product_tag":[106],"class_list":{"0":"post-70875","1":"product","2":"type-product","3":"status-publish","4":"has-post-thumbnail","6":"product_cat-kaiku-protein-eu","7":"product_tag-proteina-eu","8":"entry","10":"first","11":"instock","12":"taxable","13":"shipping-taxable","14":"purchasable","15":"product-type-simple"},"acf":[],"yoast_head":"<!-- This site is optimized with the Yoast SEO plugin v27.1.1 - https:\/\/yoast.com\/product\/yoast-seo-wordpress\/ -->\n<title>Kaiku Protein Pouch Vainilla \u2013 110g - Kaiku<\/title>\n<meta name=\"robots\" content=\"index, follow, max-snippet:-1, max-image-preview:large, max-video-preview:-1\" \/>\n<link rel=\"canonical\" href=\"https:\/\/tienda.kaiku.es\/eu\/produktua\/kaiku-protein-pouch-vainilla-110g\/\" \/>\n<meta property=\"og:locale\" content=\"en_US\" \/>\n<meta property=\"og:type\" content=\"article\" \/>\n<meta property=\"og:title\" content=\"Kaiku Protein Pouch Vainilla \u2013 110g - Kaiku\" \/>\n<meta property=\"og:description\" content=\"El yogur alto en prote\u00edna, que te seguir\u00e1 all\u00e1 donde vayas. Un formato pouch f\u00e1cil de consumir.\" \/>\n<meta property=\"og:url\" content=\"https:\/\/tienda.kaiku.es\/eu\/produktua\/kaiku-protein-pouch-vainilla-110g\/\" \/>\n<meta property=\"og:site_name\" content=\"Kaiku\" \/>\n<meta property=\"og:image\" content=\"https:\/\/tienda.kaiku.es\/wp-content\/uploads\/2025\/05\/KAIKUPROTEIN-Bebible-Vainilla.png\" \/>\n\t<meta property=\"og:image:width\" content=\"800\" \/>\n\t<meta property=\"og:image:height\" content=\"650\" \/>\n\t<meta property=\"og:image:type\" content=\"image\/png\" \/>\n<meta name=\"twitter:card\" content=\"summary_large_image\" \/>\n<meta name=\"twitter:label1\" content=\"Est. reading time\" \/>\n\t<meta name=\"twitter:data1\" content=\"1 minutua\" \/>\n<script type=\"application\/ld+json\" class=\"yoast-schema-graph\">{\"@context\":\"https:\/\/schema.org\",\"@graph\":[{\"@type\":\"WebPage\",\"@id\":\"https:\/\/tienda.kaiku.es\/eu\/produktua\/kaiku-protein-pouch-vainilla-110g\/\",\"url\":\"https:\/\/tienda.kaiku.es\/eu\/produktua\/kaiku-protein-pouch-vainilla-110g\/\",\"name\":\"Kaiku Protein Pouch Vainilla \u2013 110g - Kaiku\",\"isPartOf\":{\"@id\":\"https:\/\/tienda.kaiku.es\/eu\/#website\"},\"primaryImageOfPage\":{\"@id\":\"https:\/\/tienda.kaiku.es\/eu\/produktua\/kaiku-protein-pouch-vainilla-110g\/#primaryimage\"},\"image\":{\"@id\":\"https:\/\/tienda.kaiku.es\/eu\/produktua\/kaiku-protein-pouch-vainilla-110g\/#primaryimage\"},\"thumbnailUrl\":\"https:\/\/tienda.kaiku.es\/wp-content\/uploads\/2025\/05\/KAIKUPROTEIN-Bebible-Vainilla.png\",\"datePublished\":\"2025-05-13T11:03:52+00:00\",\"breadcrumb\":{\"@id\":\"https:\/\/tienda.kaiku.es\/eu\/produktua\/kaiku-protein-pouch-vainilla-110g\/#breadcrumb\"},\"inLanguage\":\"eu\",\"potentialAction\":[{\"@type\":\"ReadAction\",\"target\":[\"https:\/\/tienda.kaiku.es\/eu\/produktua\/kaiku-protein-pouch-vainilla-110g\/\"]}]},{\"@type\":\"ImageObject\",\"inLanguage\":\"eu\",\"@id\":\"https:\/\/tienda.kaiku.es\/eu\/produktua\/kaiku-protein-pouch-vainilla-110g\/#primaryimage\",\"url\":\"https:\/\/tienda.kaiku.es\/wp-content\/uploads\/2025\/05\/KAIKUPROTEIN-Bebible-Vainilla.png\",\"contentUrl\":\"https:\/\/tienda.kaiku.es\/wp-content\/uploads\/2025\/05\/KAIKUPROTEIN-Bebible-Vainilla.png\",\"width\":800,\"height\":650},{\"@type\":\"BreadcrumbList\",\"@id\":\"https:\/\/tienda.kaiku.es\/eu\/produktua\/kaiku-protein-pouch-vainilla-110g\/#breadcrumb\",\"itemListElement\":[{\"@type\":\"ListItem\",\"position\":1,\"name\":\"Portada\",\"item\":\"https:\/\/tienda.kaiku.es\/eu\/\"},{\"@type\":\"ListItem\",\"position\":2,\"name\":\"Kaiku Protein Pouch Vainilla \u2013 110g\"}]},{\"@type\":\"WebSite\",\"@id\":\"https:\/\/tienda.kaiku.es\/eu\/#website\",\"url\":\"https:\/\/tienda.kaiku.es\/eu\/\",\"name\":\"Kaiku\",\"description\":\"Kaiku m\u00e1s cerca que nunca\",\"publisher\":{\"@id\":\"https:\/\/tienda.kaiku.es\/eu\/#organization\"},\"potentialAction\":[{\"@type\":\"SearchAction\",\"target\":{\"@type\":\"EntryPoint\",\"urlTemplate\":\"https:\/\/tienda.kaiku.es\/eu\/?s={search_term_string}\"},\"query-input\":{\"@type\":\"PropertyValueSpecification\",\"valueRequired\":true,\"valueName\":\"search_term_string\"}}],\"inLanguage\":\"eu\"},{\"@type\":\"Organization\",\"@id\":\"https:\/\/tienda.kaiku.es\/eu\/#organization\",\"name\":\"Kaiku\",\"url\":\"https:\/\/tienda.kaiku.es\/eu\/\",\"logo\":{\"@type\":\"ImageObject\",\"inLanguage\":\"eu\",\"@id\":\"https:\/\/tienda.kaiku.es\/eu\/#\/schema\/logo\/image\/\",\"url\":\"https:\/\/tienda.kaiku.es\/wp-content\/uploads\/2021\/04\/logo-kaiku.svg\",\"contentUrl\":\"https:\/\/tienda.kaiku.es\/wp-content\/uploads\/2021\/04\/logo-kaiku.svg\",\"width\":136,\"height\":82,\"caption\":\"Kaiku\"},\"image\":{\"@id\":\"https:\/\/tienda.kaiku.es\/eu\/#\/schema\/logo\/image\/\"}}]}<\/script>\n<!-- \/ Yoast SEO plugin. -->","yoast_head_json":{"title":"Kaiku Protein Pouch Vainilla \u2013 110g - Kaiku","robots":{"index":"index","follow":"follow","max-snippet":"max-snippet:-1","max-image-preview":"max-image-preview:large","max-video-preview":"max-video-preview:-1"},"canonical":"https:\/\/tienda.kaiku.es\/eu\/produktua\/kaiku-protein-pouch-vainilla-110g\/","og_locale":"en_US","og_type":"article","og_title":"Kaiku Protein Pouch Vainilla \u2013 110g - Kaiku","og_description":"El yogur alto en prote\u00edna, que te seguir\u00e1 all\u00e1 donde vayas. Un formato pouch f\u00e1cil de consumir.","og_url":"https:\/\/tienda.kaiku.es\/eu\/produktua\/kaiku-protein-pouch-vainilla-110g\/","og_site_name":"Kaiku","og_image":[{"width":800,"height":650,"url":"https:\/\/tienda.kaiku.es\/wp-content\/uploads\/2025\/05\/KAIKUPROTEIN-Bebible-Vainilla.png","type":"image\/png"}],"twitter_card":"summary_large_image","twitter_misc":{"Est. reading time":"1 minutua"},"schema":{"@context":"https:\/\/schema.org","@graph":[{"@type":"WebPage","@id":"https:\/\/tienda.kaiku.es\/eu\/produktua\/kaiku-protein-pouch-vainilla-110g\/","url":"https:\/\/tienda.kaiku.es\/eu\/produktua\/kaiku-protein-pouch-vainilla-110g\/","name":"Kaiku Protein Pouch Vainilla \u2013 110g - Kaiku","isPartOf":{"@id":"https:\/\/tienda.kaiku.es\/eu\/#website"},"primaryImageOfPage":{"@id":"https:\/\/tienda.kaiku.es\/eu\/produktua\/kaiku-protein-pouch-vainilla-110g\/#primaryimage"},"image":{"@id":"https:\/\/tienda.kaiku.es\/eu\/produktua\/kaiku-protein-pouch-vainilla-110g\/#primaryimage"},"thumbnailUrl":"https:\/\/tienda.kaiku.es\/wp-content\/uploads\/2025\/05\/KAIKUPROTEIN-Bebible-Vainilla.png","datePublished":"2025-05-13T11:03:52+00:00","breadcrumb":{"@id":"https:\/\/tienda.kaiku.es\/eu\/produktua\/kaiku-protein-pouch-vainilla-110g\/#breadcrumb"},"inLanguage":"eu","potentialAction":[{"@type":"ReadAction","target":["https:\/\/tienda.kaiku.es\/eu\/produktua\/kaiku-protein-pouch-vainilla-110g\/"]}]},{"@type":"ImageObject","inLanguage":"eu","@id":"https:\/\/tienda.kaiku.es\/eu\/produktua\/kaiku-protein-pouch-vainilla-110g\/#primaryimage","url":"https:\/\/tienda.kaiku.es\/wp-content\/uploads\/2025\/05\/KAIKUPROTEIN-Bebible-Vainilla.png","contentUrl":"https:\/\/tienda.kaiku.es\/wp-content\/uploads\/2025\/05\/KAIKUPROTEIN-Bebible-Vainilla.png","width":800,"height":650},{"@type":"BreadcrumbList","@id":"https:\/\/tienda.kaiku.es\/eu\/produktua\/kaiku-protein-pouch-vainilla-110g\/#breadcrumb","itemListElement":[{"@type":"ListItem","position":1,"name":"Portada","item":"https:\/\/tienda.kaiku.es\/eu\/"},{"@type":"ListItem","position":2,"name":"Kaiku Protein Pouch Vainilla \u2013 110g"}]},{"@type":"WebSite","@id":"https:\/\/tienda.kaiku.es\/eu\/#website","url":"https:\/\/tienda.kaiku.es\/eu\/","name":"Kaiku","description":"Kaiku m\u00e1s cerca que nunca","publisher":{"@id":"https:\/\/tienda.kaiku.es\/eu\/#organization"},"potentialAction":[{"@type":"SearchAction","target":{"@type":"EntryPoint","urlTemplate":"https:\/\/tienda.kaiku.es\/eu\/?s={search_term_string}"},"query-input":{"@type":"PropertyValueSpecification","valueRequired":true,"valueName":"search_term_string"}}],"inLanguage":"eu"},{"@type":"Organization","@id":"https:\/\/tienda.kaiku.es\/eu\/#organization","name":"Kaiku","url":"https:\/\/tienda.kaiku.es\/eu\/","logo":{"@type":"ImageObject","inLanguage":"eu","@id":"https:\/\/tienda.kaiku.es\/eu\/#\/schema\/logo\/image\/","url":"https:\/\/tienda.kaiku.es\/wp-content\/uploads\/2021\/04\/logo-kaiku.svg","contentUrl":"https:\/\/tienda.kaiku.es\/wp-content\/uploads\/2021\/04\/logo-kaiku.svg","width":136,"height":82,"caption":"Kaiku"},"image":{"@id":"https:\/\/tienda.kaiku.es\/eu\/#\/schema\/logo\/image\/"}}]}},"_links":{"self":[{"href":"https:\/\/tienda.kaiku.es\/eu\/wp-json\/wp\/v2\/product\/70875","targetHints":{"allow":["GET"]}}],"collection":[{"href":"https:\/\/tienda.kaiku.es\/eu\/wp-json\/wp\/v2\/product"}],"about":[{"href":"https:\/\/tienda.kaiku.es\/eu\/wp-json\/wp\/v2\/types\/product"}],"wp:featuredmedia":[{"embeddable":true,"href":"https:\/\/tienda.kaiku.es\/eu\/wp-json\/wp\/v2\/media\/70885"}],"wp:attachment":[{"href":"https:\/\/tienda.kaiku.es\/eu\/wp-json\/wp\/v2\/media?parent=70875"}],"wp:term":[{"taxonomy":"product_brand","embeddable":true,"href":"https:\/\/tienda.kaiku.es\/eu\/wp-json\/wp\/v2\/product_brand?post=70875"},{"taxonomy":"product_cat","embeddable":true,"href":"https:\/\/tienda.kaiku.es\/eu\/wp-json\/wp\/v2\/product_cat?post=70875"},{"taxonomy":"product_tag","embeddable":true,"href":"https:\/\/tienda.kaiku.es\/eu\/wp-json\/wp\/v2\/product_tag?post=70875"}],"curies":[{"name":"wp","href":"https:\/\/api.w.org\/{rel}","templated":true}]}}