{"id":71769,"date":"2025-07-10T11:33:56","date_gmt":"2025-07-10T09:33:56","guid":{"rendered":"https:\/\/tienda.kaiku.es\/?post_type=product&#038;p=71769"},"modified":"2025-07-10T12:06:53","modified_gmt":"2025-07-10T10:06:53","slug":"kaiku-caffe-latte-protein-coffee-doble-cero","status":"publish","type":"product","link":"https:\/\/tienda.kaiku.es\/eu\/produktua\/kaiku-caffe-latte-protein-coffee-doble-cero\/","title":{"rendered":"Kaiku Caff\u00e8 Latte PROTEIN COFFEE DOBLE CERO"},"content":{"rendered":"<p>\u00bfListo para la combinaci\u00f3n definitiva? Caf\u00e8 100% ar\u00e1bica y 26g de prote\u00edna. Disfruta de tu Kaiku Caff\u00e8 Latte PROTEIN COFFEE DOBLE CERO con intenso caf\u00e9, sin az\u00facares a\u00f1adidos ni edulcorantes y bajo en grasa.<\/p>\n","protected":false},"excerpt":{"rendered":"<p>\u00bfListo para la combinaci\u00f3n definitiva? Caf\u00e8 100% ar\u00e1bica y 26g de prote\u00edna. Disfruta de tu Kaiku Caff\u00e8 Latte PROTEIN COFFEE DOBLE CERO con intenso caf\u00e9, sin az\u00facares a\u00f1adidos ni edulcorantes y bajo en grasa.<\/p>\n","protected":false},"featured_media":71771,"template":"","meta":{"_acf_changed":false,"_genesis_hide_title":false,"_genesis_hide_breadcrumbs":false,"_genesis_hide_singular_image":false,"_genesis_hide_footer_widgets":false,"_genesis_custom_body_class":"","_genesis_custom_post_class":"","_genesis_layout":""},"product_brand":[],"product_cat":[22],"product_tag":[21,106],"class_list":{"0":"post-71769","1":"product","2":"type-product","3":"status-publish","4":"has-post-thumbnail","6":"product_cat-kaiku-caffe-latte","7":"product_tag-kafea","8":"product_tag-proteina-eu","9":"entry","11":"first","12":"instock","13":"taxable","14":"shipping-taxable","15":"purchasable","16":"product-type-simple"},"acf":[],"yoast_head":"<!-- This site is optimized with the Yoast SEO plugin v27.5 - https:\/\/yoast.com\/product\/yoast-seo-wordpress\/ -->\n<title>Kaiku Caff\u00e8 Latte PROTEIN COFFEE DOBLE CERO - Kaiku<\/title>\n<meta name=\"robots\" content=\"index, follow, max-snippet:-1, max-image-preview:large, max-video-preview:-1\" \/>\n<link rel=\"canonical\" href=\"https:\/\/tienda.kaiku.es\/eu\/produktua\/kaiku-caffe-latte-protein-coffee-doble-cero\/\" \/>\n<meta property=\"og:locale\" content=\"en_US\" \/>\n<meta property=\"og:type\" content=\"article\" \/>\n<meta property=\"og:title\" content=\"Kaiku Caff\u00e8 Latte PROTEIN COFFEE DOBLE CERO - Kaiku\" \/>\n<meta property=\"og:description\" content=\"\u00bfListo para la combinaci\u00f3n definitiva? Caf\u00e8 100% ar\u00e1bica y 26g de prote\u00edna. Disfruta de tu Kaiku Caff\u00e8 Latte PROTEIN COFFEE DOBLE CERO con intenso caf\u00e9, sin az\u00facares a\u00f1adidos ni edulcorantes y bajo en grasa.\" \/>\n<meta property=\"og:url\" content=\"https:\/\/tienda.kaiku.es\/eu\/produktua\/kaiku-caffe-latte-protein-coffee-doble-cero\/\" \/>\n<meta property=\"og:site_name\" content=\"Kaiku\" \/>\n<meta property=\"article:modified_time\" content=\"2025-07-10T10:06:53+00:00\" \/>\n<meta property=\"og:image\" content=\"https:\/\/tienda.kaiku.es\/wp-content\/uploads\/2025\/07\/KCL-ProteinCoffee_DoubleZero-330.webp\" \/>\n\t<meta property=\"og:image:width\" content=\"800\" \/>\n\t<meta property=\"og:image:height\" content=\"650\" \/>\n\t<meta property=\"og:image:type\" content=\"image\/webp\" \/>\n<meta name=\"twitter:card\" content=\"summary_large_image\" \/>\n<meta name=\"twitter:label1\" content=\"Est. reading time\" \/>\n\t<meta name=\"twitter:data1\" content=\"1 minutua\" \/>\n<script type=\"application\/ld+json\" class=\"yoast-schema-graph\">{\"@context\":\"https:\\\/\\\/schema.org\",\"@graph\":[{\"@type\":\"WebPage\",\"@id\":\"https:\\\/\\\/tienda.kaiku.es\\\/eu\\\/produktua\\\/kaiku-caffe-latte-protein-coffee-doble-cero\\\/\",\"url\":\"https:\\\/\\\/tienda.kaiku.es\\\/eu\\\/produktua\\\/kaiku-caffe-latte-protein-coffee-doble-cero\\\/\",\"name\":\"Kaiku Caff\u00e8 Latte PROTEIN COFFEE DOBLE CERO - Kaiku\",\"isPartOf\":{\"@id\":\"https:\\\/\\\/tienda.kaiku.es\\\/eu\\\/#website\"},\"primaryImageOfPage\":{\"@id\":\"https:\\\/\\\/tienda.kaiku.es\\\/eu\\\/produktua\\\/kaiku-caffe-latte-protein-coffee-doble-cero\\\/#primaryimage\"},\"image\":{\"@id\":\"https:\\\/\\\/tienda.kaiku.es\\\/eu\\\/produktua\\\/kaiku-caffe-latte-protein-coffee-doble-cero\\\/#primaryimage\"},\"thumbnailUrl\":\"https:\\\/\\\/tienda.kaiku.es\\\/wp-content\\\/uploads\\\/2025\\\/07\\\/KCL-ProteinCoffee_DoubleZero-330.webp\",\"datePublished\":\"2025-07-10T09:33:56+00:00\",\"dateModified\":\"2025-07-10T10:06:53+00:00\",\"breadcrumb\":{\"@id\":\"https:\\\/\\\/tienda.kaiku.es\\\/eu\\\/produktua\\\/kaiku-caffe-latte-protein-coffee-doble-cero\\\/#breadcrumb\"},\"inLanguage\":\"eu\",\"potentialAction\":[{\"@type\":\"ReadAction\",\"target\":[\"https:\\\/\\\/tienda.kaiku.es\\\/eu\\\/produktua\\\/kaiku-caffe-latte-protein-coffee-doble-cero\\\/\"]}]},{\"@type\":\"ImageObject\",\"inLanguage\":\"eu\",\"@id\":\"https:\\\/\\\/tienda.kaiku.es\\\/eu\\\/produktua\\\/kaiku-caffe-latte-protein-coffee-doble-cero\\\/#primaryimage\",\"url\":\"https:\\\/\\\/tienda.kaiku.es\\\/wp-content\\\/uploads\\\/2025\\\/07\\\/KCL-ProteinCoffee_DoubleZero-330.webp\",\"contentUrl\":\"https:\\\/\\\/tienda.kaiku.es\\\/wp-content\\\/uploads\\\/2025\\\/07\\\/KCL-ProteinCoffee_DoubleZero-330.webp\",\"width\":800,\"height\":650},{\"@type\":\"BreadcrumbList\",\"@id\":\"https:\\\/\\\/tienda.kaiku.es\\\/eu\\\/produktua\\\/kaiku-caffe-latte-protein-coffee-doble-cero\\\/#breadcrumb\",\"itemListElement\":[{\"@type\":\"ListItem\",\"position\":1,\"name\":\"Portada\",\"item\":\"https:\\\/\\\/tienda.kaiku.es\\\/eu\\\/\"},{\"@type\":\"ListItem\",\"position\":2,\"name\":\"Kaiku Caff\u00e8 Latte PROTEIN COFFEE DOBLE CERO\"}]},{\"@type\":\"WebSite\",\"@id\":\"https:\\\/\\\/tienda.kaiku.es\\\/eu\\\/#website\",\"url\":\"https:\\\/\\\/tienda.kaiku.es\\\/eu\\\/\",\"name\":\"Kaiku\",\"description\":\"Kaiku m\u00e1s cerca que nunca\",\"publisher\":{\"@id\":\"https:\\\/\\\/tienda.kaiku.es\\\/eu\\\/#organization\"},\"potentialAction\":[{\"@type\":\"SearchAction\",\"target\":{\"@type\":\"EntryPoint\",\"urlTemplate\":\"https:\\\/\\\/tienda.kaiku.es\\\/eu\\\/?s={search_term_string}\"},\"query-input\":{\"@type\":\"PropertyValueSpecification\",\"valueRequired\":true,\"valueName\":\"search_term_string\"}}],\"inLanguage\":\"eu\"},{\"@type\":\"Organization\",\"@id\":\"https:\\\/\\\/tienda.kaiku.es\\\/eu\\\/#organization\",\"name\":\"Kaiku\",\"url\":\"https:\\\/\\\/tienda.kaiku.es\\\/eu\\\/\",\"logo\":{\"@type\":\"ImageObject\",\"inLanguage\":\"eu\",\"@id\":\"https:\\\/\\\/tienda.kaiku.es\\\/eu\\\/#\\\/schema\\\/logo\\\/image\\\/\",\"url\":\"https:\\\/\\\/tienda.kaiku.es\\\/wp-content\\\/uploads\\\/2021\\\/04\\\/logo-kaiku.svg\",\"contentUrl\":\"https:\\\/\\\/tienda.kaiku.es\\\/wp-content\\\/uploads\\\/2021\\\/04\\\/logo-kaiku.svg\",\"width\":136,\"height\":82,\"caption\":\"Kaiku\"},\"image\":{\"@id\":\"https:\\\/\\\/tienda.kaiku.es\\\/eu\\\/#\\\/schema\\\/logo\\\/image\\\/\"}}]}<\/script>\n<!-- \/ Yoast SEO plugin. -->","yoast_head_json":{"title":"Kaiku Caff\u00e8 Latte PROTEIN COFFEE DOBLE CERO - Kaiku","robots":{"index":"index","follow":"follow","max-snippet":"max-snippet:-1","max-image-preview":"max-image-preview:large","max-video-preview":"max-video-preview:-1"},"canonical":"https:\/\/tienda.kaiku.es\/eu\/produktua\/kaiku-caffe-latte-protein-coffee-doble-cero\/","og_locale":"en_US","og_type":"article","og_title":"Kaiku Caff\u00e8 Latte PROTEIN COFFEE DOBLE CERO - Kaiku","og_description":"\u00bfListo para la combinaci\u00f3n definitiva? Caf\u00e8 100% ar\u00e1bica y 26g de prote\u00edna. Disfruta de tu Kaiku Caff\u00e8 Latte PROTEIN COFFEE DOBLE CERO con intenso caf\u00e9, sin az\u00facares a\u00f1adidos ni edulcorantes y bajo en grasa.","og_url":"https:\/\/tienda.kaiku.es\/eu\/produktua\/kaiku-caffe-latte-protein-coffee-doble-cero\/","og_site_name":"Kaiku","article_modified_time":"2025-07-10T10:06:53+00:00","og_image":[{"width":800,"height":650,"url":"https:\/\/tienda.kaiku.es\/wp-content\/uploads\/2025\/07\/KCL-ProteinCoffee_DoubleZero-330.webp","type":"image\/webp"}],"twitter_card":"summary_large_image","twitter_misc":{"Est. reading time":"1 minutua"},"schema":{"@context":"https:\/\/schema.org","@graph":[{"@type":"WebPage","@id":"https:\/\/tienda.kaiku.es\/eu\/produktua\/kaiku-caffe-latte-protein-coffee-doble-cero\/","url":"https:\/\/tienda.kaiku.es\/eu\/produktua\/kaiku-caffe-latte-protein-coffee-doble-cero\/","name":"Kaiku Caff\u00e8 Latte PROTEIN COFFEE DOBLE CERO - Kaiku","isPartOf":{"@id":"https:\/\/tienda.kaiku.es\/eu\/#website"},"primaryImageOfPage":{"@id":"https:\/\/tienda.kaiku.es\/eu\/produktua\/kaiku-caffe-latte-protein-coffee-doble-cero\/#primaryimage"},"image":{"@id":"https:\/\/tienda.kaiku.es\/eu\/produktua\/kaiku-caffe-latte-protein-coffee-doble-cero\/#primaryimage"},"thumbnailUrl":"https:\/\/tienda.kaiku.es\/wp-content\/uploads\/2025\/07\/KCL-ProteinCoffee_DoubleZero-330.webp","datePublished":"2025-07-10T09:33:56+00:00","dateModified":"2025-07-10T10:06:53+00:00","breadcrumb":{"@id":"https:\/\/tienda.kaiku.es\/eu\/produktua\/kaiku-caffe-latte-protein-coffee-doble-cero\/#breadcrumb"},"inLanguage":"eu","potentialAction":[{"@type":"ReadAction","target":["https:\/\/tienda.kaiku.es\/eu\/produktua\/kaiku-caffe-latte-protein-coffee-doble-cero\/"]}]},{"@type":"ImageObject","inLanguage":"eu","@id":"https:\/\/tienda.kaiku.es\/eu\/produktua\/kaiku-caffe-latte-protein-coffee-doble-cero\/#primaryimage","url":"https:\/\/tienda.kaiku.es\/wp-content\/uploads\/2025\/07\/KCL-ProteinCoffee_DoubleZero-330.webp","contentUrl":"https:\/\/tienda.kaiku.es\/wp-content\/uploads\/2025\/07\/KCL-ProteinCoffee_DoubleZero-330.webp","width":800,"height":650},{"@type":"BreadcrumbList","@id":"https:\/\/tienda.kaiku.es\/eu\/produktua\/kaiku-caffe-latte-protein-coffee-doble-cero\/#breadcrumb","itemListElement":[{"@type":"ListItem","position":1,"name":"Portada","item":"https:\/\/tienda.kaiku.es\/eu\/"},{"@type":"ListItem","position":2,"name":"Kaiku Caff\u00e8 Latte PROTEIN COFFEE DOBLE CERO"}]},{"@type":"WebSite","@id":"https:\/\/tienda.kaiku.es\/eu\/#website","url":"https:\/\/tienda.kaiku.es\/eu\/","name":"Kaiku","description":"Kaiku m\u00e1s cerca que nunca","publisher":{"@id":"https:\/\/tienda.kaiku.es\/eu\/#organization"},"potentialAction":[{"@type":"SearchAction","target":{"@type":"EntryPoint","urlTemplate":"https:\/\/tienda.kaiku.es\/eu\/?s={search_term_string}"},"query-input":{"@type":"PropertyValueSpecification","valueRequired":true,"valueName":"search_term_string"}}],"inLanguage":"eu"},{"@type":"Organization","@id":"https:\/\/tienda.kaiku.es\/eu\/#organization","name":"Kaiku","url":"https:\/\/tienda.kaiku.es\/eu\/","logo":{"@type":"ImageObject","inLanguage":"eu","@id":"https:\/\/tienda.kaiku.es\/eu\/#\/schema\/logo\/image\/","url":"https:\/\/tienda.kaiku.es\/wp-content\/uploads\/2021\/04\/logo-kaiku.svg","contentUrl":"https:\/\/tienda.kaiku.es\/wp-content\/uploads\/2021\/04\/logo-kaiku.svg","width":136,"height":82,"caption":"Kaiku"},"image":{"@id":"https:\/\/tienda.kaiku.es\/eu\/#\/schema\/logo\/image\/"}}]}},"_links":{"self":[{"href":"https:\/\/tienda.kaiku.es\/eu\/wp-json\/wp\/v2\/product\/71769","targetHints":{"allow":["GET"]}}],"collection":[{"href":"https:\/\/tienda.kaiku.es\/eu\/wp-json\/wp\/v2\/product"}],"about":[{"href":"https:\/\/tienda.kaiku.es\/eu\/wp-json\/wp\/v2\/types\/product"}],"wp:featuredmedia":[{"embeddable":true,"href":"https:\/\/tienda.kaiku.es\/eu\/wp-json\/wp\/v2\/media\/71771"}],"wp:attachment":[{"href":"https:\/\/tienda.kaiku.es\/eu\/wp-json\/wp\/v2\/media?parent=71769"}],"wp:term":[{"taxonomy":"product_brand","embeddable":true,"href":"https:\/\/tienda.kaiku.es\/eu\/wp-json\/wp\/v2\/product_brand?post=71769"},{"taxonomy":"product_cat","embeddable":true,"href":"https:\/\/tienda.kaiku.es\/eu\/wp-json\/wp\/v2\/product_cat?post=71769"},{"taxonomy":"product_tag","embeddable":true,"href":"https:\/\/tienda.kaiku.es\/eu\/wp-json\/wp\/v2\/product_tag?post=71769"}],"curies":[{"name":"wp","href":"https:\/\/api.w.org\/{rel}","templated":true}]}}