{"id":77190,"date":"2026-04-22T11:00:44","date_gmt":"2026-04-22T09:00:45","guid":{"rendered":"https:\/\/tienda.kaiku.es\/?post_type=product&#038;p=77190"},"modified":"2026-04-22T11:05:07","modified_gmt":"2026-04-22T09:05:07","slug":"kaiku-kefir-mertxika-4x125g","status":"publish","type":"product","link":"https:\/\/tienda.kaiku.es\/eu\/produktua\/kaiku-kefir-mertxika-4x125g\/","title":{"rendered":"Kaiku K\u00e9fir mertxika &#8211; 4x125g"},"content":{"rendered":"<p>Si te gusta cuidarte sin renunciar al sabor Kaiku K\u00e9fir te va a encantar.<\/p>\n<p>Kaiku Kefir con aut\u00e9nticos fermentos de k\u00e9fir y vitaminas B6 y B12 garantizadas. Protege tu sistema inmunitario y disfruta de su cremosa textura junto con la frescura del melocot\u00f3n.<\/p>\n","protected":false},"excerpt":{"rendered":"<p>Si te gusta cuidarte sin renunciar al sabor Kaiku K\u00e9fir te va a encantar.<\/p>\n<p>Kaiku Kefir con aut\u00e9nticos fermentos de k\u00e9fir y vitaminas B6 y B12 garantizadas. Protege tu sistema inmunitario y disfruta de su cremosa textura junto con la frescura del melocot\u00f3n.<\/p>\n","protected":false},"featured_media":77194,"template":"","meta":{"_acf_changed":false,"_genesis_hide_title":false,"_genesis_hide_breadcrumbs":false,"_genesis_hide_singular_image":false,"_genesis_hide_footer_widgets":false,"_genesis_custom_body_class":"","_genesis_custom_post_class":"","_genesis_layout":""},"product_brand":[],"product_cat":[113],"product_tag":[10,64],"class_list":{"0":"post-77190","1":"product","2":"type-product","3":"status-publish","4":"has-post-thumbnail","6":"product_cat-kaiku-kefir-plus-eu","7":"product_tag-jogurtak","8":"product_tag-berria","9":"entry","11":"first","12":"instock","13":"taxable","14":"shipping-taxable","15":"purchasable","16":"product-type-simple"},"acf":[],"yoast_head":"<!-- This site is optimized with the Yoast SEO plugin v27.5 - https:\/\/yoast.com\/product\/yoast-seo-wordpress\/ -->\n<title>Kaiku K\u00e9fir mertxika - 4x125g - Kaiku<\/title>\n<meta name=\"robots\" content=\"index, follow, max-snippet:-1, max-image-preview:large, max-video-preview:-1\" \/>\n<link rel=\"canonical\" href=\"https:\/\/tienda.kaiku.es\/eu\/produktua\/kaiku-kefir-mertxika-4x125g\/\" \/>\n<meta property=\"og:locale\" content=\"en_US\" \/>\n<meta property=\"og:type\" content=\"article\" \/>\n<meta property=\"og:title\" content=\"Kaiku K\u00e9fir mertxika - 4x125g - Kaiku\" \/>\n<meta property=\"og:description\" content=\"Si te gusta cuidarte sin renunciar al sabor Kaiku K\u00e9fir te va a encantar.  Kaiku Kefir con aut\u00e9nticos fermentos de k\u00e9fir y vitaminas B6 y B12 garantizadas. Protege tu sistema inmunitario y disfruta de su cremosa textura junto con la frescura del melocot\u00f3n.\" \/>\n<meta property=\"og:url\" content=\"https:\/\/tienda.kaiku.es\/eu\/produktua\/kaiku-kefir-mertxika-4x125g\/\" \/>\n<meta property=\"og:site_name\" content=\"Kaiku\" \/>\n<meta property=\"article:modified_time\" content=\"2026-04-22T09:05:07+00:00\" \/>\n<meta property=\"og:image\" content=\"https:\/\/tienda.kaiku.es\/wp-content\/uploads\/2026\/04\/KEFIR-Melocoton-4unidades.webp\" \/>\n\t<meta property=\"og:image:width\" content=\"800\" \/>\n\t<meta property=\"og:image:height\" content=\"650\" \/>\n\t<meta property=\"og:image:type\" content=\"image\/webp\" \/>\n<meta name=\"twitter:card\" content=\"summary_large_image\" \/>\n<script type=\"application\/ld+json\" class=\"yoast-schema-graph\">{\"@context\":\"https:\\\/\\\/schema.org\",\"@graph\":[{\"@type\":\"WebPage\",\"@id\":\"https:\\\/\\\/tienda.kaiku.es\\\/eu\\\/produktua\\\/kaiku-kefir-mertxika-4x125g\\\/\",\"url\":\"https:\\\/\\\/tienda.kaiku.es\\\/eu\\\/produktua\\\/kaiku-kefir-mertxika-4x125g\\\/\",\"name\":\"Kaiku K\u00e9fir mertxika - 4x125g - Kaiku\",\"isPartOf\":{\"@id\":\"https:\\\/\\\/tienda.kaiku.es\\\/eu\\\/#website\"},\"primaryImageOfPage\":{\"@id\":\"https:\\\/\\\/tienda.kaiku.es\\\/eu\\\/produktua\\\/kaiku-kefir-mertxika-4x125g\\\/#primaryimage\"},\"image\":{\"@id\":\"https:\\\/\\\/tienda.kaiku.es\\\/eu\\\/produktua\\\/kaiku-kefir-mertxika-4x125g\\\/#primaryimage\"},\"thumbnailUrl\":\"https:\\\/\\\/tienda.kaiku.es\\\/wp-content\\\/uploads\\\/2026\\\/04\\\/KEFIR-Melocoton-4unidades.webp\",\"datePublished\":\"2026-04-22T09:00:45+00:00\",\"dateModified\":\"2026-04-22T09:05:07+00:00\",\"breadcrumb\":{\"@id\":\"https:\\\/\\\/tienda.kaiku.es\\\/eu\\\/produktua\\\/kaiku-kefir-mertxika-4x125g\\\/#breadcrumb\"},\"inLanguage\":\"eu\",\"potentialAction\":[{\"@type\":\"ReadAction\",\"target\":[\"https:\\\/\\\/tienda.kaiku.es\\\/eu\\\/produktua\\\/kaiku-kefir-mertxika-4x125g\\\/\"]}]},{\"@type\":\"ImageObject\",\"inLanguage\":\"eu\",\"@id\":\"https:\\\/\\\/tienda.kaiku.es\\\/eu\\\/produktua\\\/kaiku-kefir-mertxika-4x125g\\\/#primaryimage\",\"url\":\"https:\\\/\\\/tienda.kaiku.es\\\/wp-content\\\/uploads\\\/2026\\\/04\\\/KEFIR-Melocoton-4unidades.webp\",\"contentUrl\":\"https:\\\/\\\/tienda.kaiku.es\\\/wp-content\\\/uploads\\\/2026\\\/04\\\/KEFIR-Melocoton-4unidades.webp\",\"width\":800,\"height\":650},{\"@type\":\"BreadcrumbList\",\"@id\":\"https:\\\/\\\/tienda.kaiku.es\\\/eu\\\/produktua\\\/kaiku-kefir-mertxika-4x125g\\\/#breadcrumb\",\"itemListElement\":[{\"@type\":\"ListItem\",\"position\":1,\"name\":\"Portada\",\"item\":\"https:\\\/\\\/tienda.kaiku.es\\\/eu\\\/\"},{\"@type\":\"ListItem\",\"position\":2,\"name\":\"Kaiku K\u00e9fir mertxika &#8211; 4x125g\"}]},{\"@type\":\"WebSite\",\"@id\":\"https:\\\/\\\/tienda.kaiku.es\\\/eu\\\/#website\",\"url\":\"https:\\\/\\\/tienda.kaiku.es\\\/eu\\\/\",\"name\":\"Kaiku\",\"description\":\"Kaiku m\u00e1s cerca que nunca\",\"publisher\":{\"@id\":\"https:\\\/\\\/tienda.kaiku.es\\\/eu\\\/#organization\"},\"potentialAction\":[{\"@type\":\"SearchAction\",\"target\":{\"@type\":\"EntryPoint\",\"urlTemplate\":\"https:\\\/\\\/tienda.kaiku.es\\\/eu\\\/?s={search_term_string}\"},\"query-input\":{\"@type\":\"PropertyValueSpecification\",\"valueRequired\":true,\"valueName\":\"search_term_string\"}}],\"inLanguage\":\"eu\"},{\"@type\":\"Organization\",\"@id\":\"https:\\\/\\\/tienda.kaiku.es\\\/eu\\\/#organization\",\"name\":\"Kaiku\",\"url\":\"https:\\\/\\\/tienda.kaiku.es\\\/eu\\\/\",\"logo\":{\"@type\":\"ImageObject\",\"inLanguage\":\"eu\",\"@id\":\"https:\\\/\\\/tienda.kaiku.es\\\/eu\\\/#\\\/schema\\\/logo\\\/image\\\/\",\"url\":\"https:\\\/\\\/tienda.kaiku.es\\\/wp-content\\\/uploads\\\/2021\\\/04\\\/logo-kaiku.svg\",\"contentUrl\":\"https:\\\/\\\/tienda.kaiku.es\\\/wp-content\\\/uploads\\\/2021\\\/04\\\/logo-kaiku.svg\",\"width\":136,\"height\":82,\"caption\":\"Kaiku\"},\"image\":{\"@id\":\"https:\\\/\\\/tienda.kaiku.es\\\/eu\\\/#\\\/schema\\\/logo\\\/image\\\/\"}}]}<\/script>\n<!-- \/ Yoast SEO plugin. -->","yoast_head_json":{"title":"Kaiku K\u00e9fir mertxika - 4x125g - Kaiku","robots":{"index":"index","follow":"follow","max-snippet":"max-snippet:-1","max-image-preview":"max-image-preview:large","max-video-preview":"max-video-preview:-1"},"canonical":"https:\/\/tienda.kaiku.es\/eu\/produktua\/kaiku-kefir-mertxika-4x125g\/","og_locale":"en_US","og_type":"article","og_title":"Kaiku K\u00e9fir mertxika - 4x125g - Kaiku","og_description":"Si te gusta cuidarte sin renunciar al sabor Kaiku K\u00e9fir te va a encantar.  Kaiku Kefir con aut\u00e9nticos fermentos de k\u00e9fir y vitaminas B6 y B12 garantizadas. Protege tu sistema inmunitario y disfruta de su cremosa textura junto con la frescura del melocot\u00f3n.","og_url":"https:\/\/tienda.kaiku.es\/eu\/produktua\/kaiku-kefir-mertxika-4x125g\/","og_site_name":"Kaiku","article_modified_time":"2026-04-22T09:05:07+00:00","og_image":[{"width":800,"height":650,"url":"https:\/\/tienda.kaiku.es\/wp-content\/uploads\/2026\/04\/KEFIR-Melocoton-4unidades.webp","type":"image\/webp"}],"twitter_card":"summary_large_image","schema":{"@context":"https:\/\/schema.org","@graph":[{"@type":"WebPage","@id":"https:\/\/tienda.kaiku.es\/eu\/produktua\/kaiku-kefir-mertxika-4x125g\/","url":"https:\/\/tienda.kaiku.es\/eu\/produktua\/kaiku-kefir-mertxika-4x125g\/","name":"Kaiku K\u00e9fir mertxika - 4x125g - Kaiku","isPartOf":{"@id":"https:\/\/tienda.kaiku.es\/eu\/#website"},"primaryImageOfPage":{"@id":"https:\/\/tienda.kaiku.es\/eu\/produktua\/kaiku-kefir-mertxika-4x125g\/#primaryimage"},"image":{"@id":"https:\/\/tienda.kaiku.es\/eu\/produktua\/kaiku-kefir-mertxika-4x125g\/#primaryimage"},"thumbnailUrl":"https:\/\/tienda.kaiku.es\/wp-content\/uploads\/2026\/04\/KEFIR-Melocoton-4unidades.webp","datePublished":"2026-04-22T09:00:45+00:00","dateModified":"2026-04-22T09:05:07+00:00","breadcrumb":{"@id":"https:\/\/tienda.kaiku.es\/eu\/produktua\/kaiku-kefir-mertxika-4x125g\/#breadcrumb"},"inLanguage":"eu","potentialAction":[{"@type":"ReadAction","target":["https:\/\/tienda.kaiku.es\/eu\/produktua\/kaiku-kefir-mertxika-4x125g\/"]}]},{"@type":"ImageObject","inLanguage":"eu","@id":"https:\/\/tienda.kaiku.es\/eu\/produktua\/kaiku-kefir-mertxika-4x125g\/#primaryimage","url":"https:\/\/tienda.kaiku.es\/wp-content\/uploads\/2026\/04\/KEFIR-Melocoton-4unidades.webp","contentUrl":"https:\/\/tienda.kaiku.es\/wp-content\/uploads\/2026\/04\/KEFIR-Melocoton-4unidades.webp","width":800,"height":650},{"@type":"BreadcrumbList","@id":"https:\/\/tienda.kaiku.es\/eu\/produktua\/kaiku-kefir-mertxika-4x125g\/#breadcrumb","itemListElement":[{"@type":"ListItem","position":1,"name":"Portada","item":"https:\/\/tienda.kaiku.es\/eu\/"},{"@type":"ListItem","position":2,"name":"Kaiku K\u00e9fir mertxika &#8211; 4x125g"}]},{"@type":"WebSite","@id":"https:\/\/tienda.kaiku.es\/eu\/#website","url":"https:\/\/tienda.kaiku.es\/eu\/","name":"Kaiku","description":"Kaiku m\u00e1s cerca que nunca","publisher":{"@id":"https:\/\/tienda.kaiku.es\/eu\/#organization"},"potentialAction":[{"@type":"SearchAction","target":{"@type":"EntryPoint","urlTemplate":"https:\/\/tienda.kaiku.es\/eu\/?s={search_term_string}"},"query-input":{"@type":"PropertyValueSpecification","valueRequired":true,"valueName":"search_term_string"}}],"inLanguage":"eu"},{"@type":"Organization","@id":"https:\/\/tienda.kaiku.es\/eu\/#organization","name":"Kaiku","url":"https:\/\/tienda.kaiku.es\/eu\/","logo":{"@type":"ImageObject","inLanguage":"eu","@id":"https:\/\/tienda.kaiku.es\/eu\/#\/schema\/logo\/image\/","url":"https:\/\/tienda.kaiku.es\/wp-content\/uploads\/2021\/04\/logo-kaiku.svg","contentUrl":"https:\/\/tienda.kaiku.es\/wp-content\/uploads\/2021\/04\/logo-kaiku.svg","width":136,"height":82,"caption":"Kaiku"},"image":{"@id":"https:\/\/tienda.kaiku.es\/eu\/#\/schema\/logo\/image\/"}}]}},"_links":{"self":[{"href":"https:\/\/tienda.kaiku.es\/eu\/wp-json\/wp\/v2\/product\/77190","targetHints":{"allow":["GET"]}}],"collection":[{"href":"https:\/\/tienda.kaiku.es\/eu\/wp-json\/wp\/v2\/product"}],"about":[{"href":"https:\/\/tienda.kaiku.es\/eu\/wp-json\/wp\/v2\/types\/product"}],"wp:featuredmedia":[{"embeddable":true,"href":"https:\/\/tienda.kaiku.es\/eu\/wp-json\/wp\/v2\/media\/77194"}],"wp:attachment":[{"href":"https:\/\/tienda.kaiku.es\/eu\/wp-json\/wp\/v2\/media?parent=77190"}],"wp:term":[{"taxonomy":"product_brand","embeddable":true,"href":"https:\/\/tienda.kaiku.es\/eu\/wp-json\/wp\/v2\/product_brand?post=77190"},{"taxonomy":"product_cat","embeddable":true,"href":"https:\/\/tienda.kaiku.es\/eu\/wp-json\/wp\/v2\/product_cat?post=77190"},{"taxonomy":"product_tag","embeddable":true,"href":"https:\/\/tienda.kaiku.es\/eu\/wp-json\/wp\/v2\/product_tag?post=77190"}],"curies":[{"name":"wp","href":"https:\/\/api.w.org\/{rel}","templated":true}]}}